{"id":723,"date":"2018-02-07T14:58:10","date_gmt":"2018-02-07T13:58:10","guid":{"rendered":"http:\/\/linssenroses.com\/ehpea-code-of-practice\/"},"modified":"2018-04-24T13:56:28","modified_gmt":"2018-04-24T11:56:28","slug":"kodeks-praktyk-ehpea-ehpea-code-of-practice","status":"publish","type":"page","link":"https:\/\/linssenroses.com\/pl\/kodeks-praktyk-ehpea-ehpea-code-of-practice\/","title":{"rendered":"Kodeks praktyk EHPEA (EHPEA code of practice)"},"content":{"rendered":"\t\t<div data-elementor-type=\"wp-post\" data-elementor-id=\"723\" class=\"elementor elementor-723 elementor-140 elementor-bc-flex-widget\">\n\t\t\t\t\t\t<section class=\"elementor-section elementor-top-section elementor-element elementor-element-8849d2a elementor-section-boxed elementor-section-height-default elementor-section-height-default\" data-id=\"8849d2a\" data-element_type=\"section\">\n\t\t\t\t\t\t<div class=\"elementor-container elementor-column-gap-default\">\n\t\t\t\t\t<div class=\"elementor-column elementor-col-100 elementor-top-column elementor-element elementor-element-2ab1bcf\" data-id=\"2ab1bcf\" data-element_type=\"column\">\n\t\t\t<div class=\"elementor-widget-wrap elementor-element-populated\">\n\t\t\t\t\t\t<div class=\"elementor-element elementor-element-f7d26d1 elementor-widget elementor-widget-text-editor\" data-id=\"f7d26d1\" data-element_type=\"widget\" data-widget_type=\"text-editor.default\">\n\t\t\t\t<div class=\"elementor-widget-container\">\n\t\t\t\t\t\t\t\t\t<p>Rz\u0105d Etiopii we wsp\u00f3\u0142pracy ze stowarzyszeniem <a href=\"http:\/\/ehpea.com\/\" target=\"_blank\" rel=\"noopener\">EHPEA (Ethiopian Horticulture Producer Exporters Association)<\/a> co roku kontroluje, czy przedsi\u0119biorstwa eksportuj\u0105ce produkty rolnicze wystarczaj\u0105co dbaj\u0105 o pracownik\u00f3w i \u015brodowisko naturalne. Do oceny wykorzystywany jest specjalny kodeks praktyk. Firma Linssen Roses spe\u0142nia z nawi\u0105zk\u0105 warunki uzyskania tej certyfikacji.<\/p>\t\t\t\t\t\t\t\t<\/div>\n\t\t\t\t<\/div>\n\t\t\t\t\t<\/div>\n\t\t<\/div>\n\t\t\t\t\t<\/div>\n\t\t<\/section>\n\t\t\t\t<section class=\"elementor-section elementor-top-section elementor-element elementor-element-4bac791 elementor-section-stretched elementor-section-boxed elementor-section-height-default elementor-section-height-default elementor-invisible\" data-id=\"4bac791\" data-element_type=\"section\" data-settings=\"{&quot;stretch_section&quot;:&quot;section-stretched&quot;,&quot;animation&quot;:&quot;fadeInUp&quot;}\">\n\t\t\t\t\t\t<div class=\"elementor-container elementor-column-gap-default\">\n\t\t\t\t\t<div class=\"elementor-column elementor-col-100 elementor-top-column elementor-element elementor-element-131a1d8\" data-id=\"131a1d8\" data-element_type=\"column\">\n\t\t\t<div class=\"elementor-widget-wrap elementor-element-populated\">\n\t\t\t\t\t\t<div class=\"elementor-element elementor-element-09c14e8 elementor-arrows-position-inside elementor-widget elementor-widget-image-carousel\" data-id=\"09c14e8\" data-element_type=\"widget\" data-settings=\"{&quot;slides_to_show&quot;:&quot;1&quot;,&quot;navigation&quot;:&quot;arrows&quot;,&quot;pause_on_hover&quot;:&quot;no&quot;,&quot;autoplay&quot;:&quot;yes&quot;,&quot;pause_on_interaction&quot;:&quot;yes&quot;,&quot;autoplay_speed&quot;:5000,&quot;infinite&quot;:&quot;yes&quot;,&quot;effect&quot;:&quot;slide&quot;,&quot;speed&quot;:500}\" data-widget_type=\"image-carousel.default\">\n\t\t\t\t<div class=\"elementor-widget-container\">\n\t\t\t\t\t\t\t<div class=\"elementor-image-carousel-wrapper swiper\" role=\"region\" aria-roledescription=\"carousel\" aria-label=\"Karuzela obrazk\u00f3w\" dir=\"ltr\">\n\t\t\t<div class=\"elementor-image-carousel swiper-wrapper\" aria-live=\"off\">\n\t\t\t\t\t\t\t\t<div class=\"swiper-slide\" role=\"group\" aria-roledescription=\"slide\" aria-label=\"1 z 6\"><figure class=\"swiper-slide-inner\"><img decoding=\"async\" class=\"swiper-slide-image\" src=\"https:\/\/linssenroses.com\/wp-content\/uploads\/2018\/02\/EHPEA-code-of-practice-LinssenRoses1.jpg\" alt=\"EHPEA code of practice-LinssenRoses1\" \/><\/figure><\/div><div class=\"swiper-slide\" role=\"group\" aria-roledescription=\"slide\" aria-label=\"2 z 6\"><figure class=\"swiper-slide-inner\"><img decoding=\"async\" class=\"swiper-slide-image\" src=\"https:\/\/linssenroses.com\/wp-content\/uploads\/2018\/02\/EHPEA-code-of-practice-LinssenRoses2.jpg\" alt=\"EHPEA code of practice-LinssenRoses2\" \/><\/figure><\/div><div class=\"swiper-slide\" role=\"group\" aria-roledescription=\"slide\" aria-label=\"3 z 6\"><figure class=\"swiper-slide-inner\"><img decoding=\"async\" class=\"swiper-slide-image\" src=\"https:\/\/linssenroses.com\/wp-content\/uploads\/2018\/02\/EHPEA-code-of-practice-LinssenRoses3.jpg\" alt=\"EHPEA code of practice-LinssenRoses3\" \/><\/figure><\/div><div class=\"swiper-slide\" role=\"group\" aria-roledescription=\"slide\" aria-label=\"4 z 6\"><figure class=\"swiper-slide-inner\"><img decoding=\"async\" class=\"swiper-slide-image\" src=\"https:\/\/linssenroses.com\/wp-content\/uploads\/2018\/02\/EHPEA-code-of-practice-LinssenRoses4.jpg\" alt=\"EHPEA code of practice-LinssenRoses4\" \/><\/figure><\/div><div class=\"swiper-slide\" role=\"group\" aria-roledescription=\"slide\" aria-label=\"5 z 6\"><figure class=\"swiper-slide-inner\"><img decoding=\"async\" class=\"swiper-slide-image\" src=\"https:\/\/linssenroses.com\/wp-content\/uploads\/2018\/02\/EHPEA-code-of-practice-LinssenRoses5.jpg\" alt=\"EHPEA code of practice-LinssenRoses5\" \/><\/figure><\/div><div class=\"swiper-slide\" role=\"group\" aria-roledescription=\"slide\" aria-label=\"6 z 6\"><figure class=\"swiper-slide-inner\"><img decoding=\"async\" class=\"swiper-slide-image\" src=\"https:\/\/linssenroses.com\/wp-content\/uploads\/2018\/02\/EHPEA-code-of-practice-LinssenRoses6.jpg\" alt=\"EHPEA code of practice-LinssenRoses6\" \/><\/figure><\/div>\t\t\t<\/div>\n\t\t\t\t\t\t\t\t\t\t\t\t<div class=\"elementor-swiper-button elementor-swiper-button-prev\" role=\"button\" tabindex=\"0\">\n\t\t\t\t\t\t<i aria-hidden=\"true\" class=\"eicon-chevron-left\"><\/i>\t\t\t\t\t<\/div>\n\t\t\t\t\t<div class=\"elementor-swiper-button elementor-swiper-button-next\" role=\"button\" tabindex=\"0\">\n\t\t\t\t\t\t<i aria-hidden=\"true\" class=\"eicon-chevron-right\"><\/i>\t\t\t\t\t<\/div>\n\t\t\t\t\n\t\t\t\t\t\t\t\t\t<\/div>\n\t\t\t\t\t\t<\/div>\n\t\t\t\t<\/div>\n\t\t\t\t\t<\/div>\n\t\t<\/div>\n\t\t\t\t\t<\/div>\n\t\t<\/section>\n\t\t\t\t<\/div>\n\t\t","protected":false},"excerpt":{"rendered":"<p>Rz\u0105d Etiopii we wsp\u00f3\u0142pracy ze stowarzyszeniem EHPEA (Ethiopian Horticulture Producer Exporters Association) co roku kontroluje, czy przedsi\u0119biorstwa eksportuj\u0105ce produkty rolnicze wystarczaj\u0105co dbaj\u0105 o pracownik\u00f3w i \u015brodowisko naturalne. Do oceny wykorzystywany jest specjalny kodeks praktyk. Firma Linssen Roses spe\u0142nia z nawi\u0105zk\u0105 warunki uzyskania tej certyfikacji.<\/p>\n","protected":false},"author":1,"featured_media":0,"parent":0,"menu_order":0,"comment_status":"closed","ping_status":"closed","template":"","meta":{"footnotes":""},"class_list":["post-723","page","type-page","status-publish","hentry"],"_links":{"self":[{"href":"https:\/\/linssenroses.com\/pl\/wp-json\/wp\/v2\/pages\/723","targetHints":{"allow":["GET"]}}],"collection":[{"href":"https:\/\/linssenroses.com\/pl\/wp-json\/wp\/v2\/pages"}],"about":[{"href":"https:\/\/linssenroses.com\/pl\/wp-json\/wp\/v2\/types\/page"}],"author":[{"embeddable":true,"href":"https:\/\/linssenroses.com\/pl\/wp-json\/wp\/v2\/users\/1"}],"replies":[{"embeddable":true,"href":"https:\/\/linssenroses.com\/pl\/wp-json\/wp\/v2\/comments?post=723"}],"version-history":[{"count":2,"href":"https:\/\/linssenroses.com\/pl\/wp-json\/wp\/v2\/pages\/723\/revisions"}],"predecessor-version":[{"id":725,"href":"https:\/\/linssenroses.com\/pl\/wp-json\/wp\/v2\/pages\/723\/revisions\/725"}],"wp:attachment":[{"href":"https:\/\/linssenroses.com\/pl\/wp-json\/wp\/v2\/media?parent=723"}],"curies":[{"name":"wp","href":"https:\/\/api.w.org\/{rel}","templated":true}]}}