{"id":720,"date":"2018-02-07T14:35:23","date_gmt":"2018-02-07T13:35:23","guid":{"rendered":"http:\/\/linssenroses.com\/mps-a-mps-sq\/"},"modified":"2018-04-24T14:13:54","modified_gmt":"2018-04-24T12:13:54","slug":"mps-a-i-mps-sq","status":"publish","type":"page","link":"https:\/\/linssenroses.com\/pl\/mps-a-i-mps-sq\/","title":{"rendered":"MPS-A i MPS-SQ"},"content":{"rendered":"\t\t<div data-elementor-type=\"wp-post\" data-elementor-id=\"720\" class=\"elementor elementor-720 elementor-133 elementor-bc-flex-widget\">\n\t\t\t\t\t\t<section class=\"elementor-section elementor-top-section elementor-element elementor-element-820fc48 elementor-section-boxed elementor-section-height-default elementor-section-height-default\" data-id=\"820fc48\" data-element_type=\"section\">\n\t\t\t\t\t\t<div class=\"elementor-container elementor-column-gap-default\">\n\t\t\t\t\t<div class=\"elementor-column elementor-col-100 elementor-top-column elementor-element elementor-element-44cdc46\" data-id=\"44cdc46\" data-element_type=\"column\">\n\t\t\t<div class=\"elementor-widget-wrap elementor-element-populated\">\n\t\t\t\t\t\t<div class=\"elementor-element elementor-element-04de212 elementor-widget elementor-widget-text-editor\" data-id=\"04de212\" data-element_type=\"widget\" data-widget_type=\"text-editor.default\">\n\t\t\t\t<div class=\"elementor-widget-container\">\n\t\t\t\t\t\t\t\t\t<p>Jeste\u015bmy szk\u00f3\u0142k\u0105 r\u00f3\u017c stosuj\u0105c\u0105 zasad\u0119 zr\u00f3wnowa\u017conego rozwoju. To znaczy, \u017ce dok\u0142adamy wszelkich stara\u0144, aby zapewni\u0107 naszym pracownikom jak najlepsze warunki. Dowodem mog\u0105 by\u0107 m.in. uzyskane przez nas certyfikacje oraz nasze projekty rozwojowe. Firma Linssen Roses zdoby\u0142a certyfikaty MPS-A i MPS-SQ oraz kodeks praktyk EHPEA (EHPEA code of practice).<\/p><p><strong>Certyfikacja ekologiczna i spo\u0142eczna<\/strong><br \/>Zdobyli\u015bmy certyfikat MPS-A (ekologiczny) i MPS-SQ (spo\u0142eczny), dzi\u0119ki czemu mo\u017cemy z dum\u0105 powiedzie\u0107, \u017ce firma Linssen Roses produkuje r\u00f3\u017ce w spos\u00f3b uczciwy. Nasi klienci maj\u0105 pewno\u015b\u0107, \u017ce bukiet r\u00f3\u017c kupiony od Linssen Roses zosta\u0142 wyprodukowany z trosk\u0105 o jak najmniejsze obci\u0105\u017cenie \u015brodowiska naturalnego i \u017ce firma naprawd\u0119 dba o swoich pracownik\u00f3w.<\/p><p>Holenderska organizacja MPS-ECAS prowadzi okresowe audyty, podczas kt\u00f3rych sprawdza, czy spe\u0142niamy ostre warunki certyfikacji.<\/p>\t\t\t\t\t\t\t\t<\/div>\n\t\t\t\t<\/div>\n\t\t\t\t\t<\/div>\n\t\t<\/div>\n\t\t\t\t\t<\/div>\n\t\t<\/section>\n\t\t\t\t<section class=\"elementor-section elementor-top-section elementor-element elementor-element-22ad76a elementor-section-boxed elementor-section-height-default elementor-section-height-default elementor-invisible\" data-id=\"22ad76a\" data-element_type=\"section\" data-settings=\"{&quot;animation&quot;:&quot;fadeInUp&quot;}\">\n\t\t\t\t\t\t<div class=\"elementor-container elementor-column-gap-default\">\n\t\t\t\t\t<div class=\"elementor-column elementor-col-100 elementor-top-column elementor-element elementor-element-c9b147d\" data-id=\"c9b147d\" data-element_type=\"column\">\n\t\t\t<div class=\"elementor-widget-wrap elementor-element-populated\">\n\t\t\t\t\t\t<div class=\"elementor-element elementor-element-812e87f elementor-widget elementor-widget-image\" data-id=\"812e87f\" data-element_type=\"widget\" data-widget_type=\"image.default\">\n\t\t\t\t<div class=\"elementor-widget-container\">\n\t\t\t\t\t\t\t\t\t\t\t\t\t\t\t<img fetchpriority=\"high\" decoding=\"async\" width=\"250\" height=\"339\" src=\"https:\/\/linssenroses.com\/wp-content\/uploads\/2018\/04\/Vignet-MPS-ABC-EN-801696.png\" class=\"attachment-full size-full wp-image-740\" alt=\"\" srcset=\"https:\/\/linssenroses.com\/wp-content\/uploads\/2018\/04\/Vignet-MPS-ABC-EN-801696.png 250w, https:\/\/linssenroses.com\/wp-content\/uploads\/2018\/04\/Vignet-MPS-ABC-EN-801696-221x300.png 221w\" sizes=\"(max-width: 250px) 100vw, 250px\" \/>\t\t\t\t\t\t\t\t\t\t\t\t\t\t\t<\/div>\n\t\t\t\t<\/div>\n\t\t\t\t\t<\/div>\n\t\t<\/div>\n\t\t\t\t\t<\/div>\n\t\t<\/section>\n\t\t\t\t<\/div>\n\t\t","protected":false},"excerpt":{"rendered":"<p>Jeste\u015bmy szk\u00f3\u0142k\u0105 r\u00f3\u017c stosuj\u0105c\u0105 zasad\u0119 zr\u00f3wnowa\u017conego rozwoju. To znaczy, \u017ce dok\u0142adamy wszelkich stara\u0144, aby zapewni\u0107 naszym pracownikom jak najlepsze warunki. Dowodem mog\u0105 by\u0107 m.in. uzyskane przez nas certyfikacje oraz nasze projekty rozwojowe. Firma Linssen Roses zdoby\u0142a certyfikaty MPS-A i MPS-SQ oraz kodeks praktyk EHPEA (EHPEA code of practice). Certyfikacja ekologiczna<a class=\"moretag\" href=\"https:\/\/linssenroses.com\/pl\/mps-a-i-mps-sq\/\"> Czytaj wi\u0119cej<\/a><\/p>\n","protected":false},"author":1,"featured_media":0,"parent":0,"menu_order":0,"comment_status":"closed","ping_status":"closed","template":"","meta":{"footnotes":""},"class_list":["post-720","page","type-page","status-publish","hentry"],"_links":{"self":[{"href":"https:\/\/linssenroses.com\/pl\/wp-json\/wp\/v2\/pages\/720","targetHints":{"allow":["GET"]}}],"collection":[{"href":"https:\/\/linssenroses.com\/pl\/wp-json\/wp\/v2\/pages"}],"about":[{"href":"https:\/\/linssenroses.com\/pl\/wp-json\/wp\/v2\/types\/page"}],"author":[{"embeddable":true,"href":"https:\/\/linssenroses.com\/pl\/wp-json\/wp\/v2\/users\/1"}],"replies":[{"embeddable":true,"href":"https:\/\/linssenroses.com\/pl\/wp-json\/wp\/v2\/comments?post=720"}],"version-history":[{"count":3,"href":"https:\/\/linssenroses.com\/pl\/wp-json\/wp\/v2\/pages\/720\/revisions"}],"predecessor-version":[{"id":756,"href":"https:\/\/linssenroses.com\/pl\/wp-json\/wp\/v2\/pages\/720\/revisions\/756"}],"wp:attachment":[{"href":"https:\/\/linssenroses.com\/pl\/wp-json\/wp\/v2\/media?parent=720"}],"curies":[{"name":"wp","href":"https:\/\/api.w.org\/{rel}","templated":true}]}}