{"id":717,"date":"2018-02-07T14:21:22","date_gmt":"2018-02-07T13:21:22","guid":{"rendered":"http:\/\/linssenroses.com\/mvo\/"},"modified":"2018-04-24T13:53:33","modified_gmt":"2018-04-24T11:53:33","slug":"csr","status":"publish","type":"page","link":"https:\/\/linssenroses.com\/pl\/csr\/","title":{"rendered":"CSR"},"content":{"rendered":"\t\t<div data-elementor-type=\"wp-post\" data-elementor-id=\"717\" class=\"elementor elementor-717 elementor-121 elementor-bc-flex-widget\">\n\t\t\t\t\t\t<section class=\"elementor-section elementor-top-section elementor-element elementor-element-5bf6690 elementor-section-boxed elementor-section-height-default elementor-section-height-default\" data-id=\"5bf6690\" data-element_type=\"section\">\n\t\t\t\t\t\t<div class=\"elementor-container elementor-column-gap-default\">\n\t\t\t\t\t<div class=\"elementor-column elementor-col-100 elementor-top-column elementor-element elementor-element-7867972\" data-id=\"7867972\" data-element_type=\"column\">\n\t\t\t<div class=\"elementor-widget-wrap elementor-element-populated\">\n\t\t\t\t\t\t<div class=\"elementor-element elementor-element-0ef85a4 elementor-widget elementor-widget-text-editor\" data-id=\"0ef85a4\" data-element_type=\"widget\" data-widget_type=\"text-editor.default\">\n\t\t\t\t<div class=\"elementor-widget-container\">\n\t\t\t\t\t\t\t\t\t<p>Firma dzia\u0142aj\u0105ca w spos\u00f3b uczciwy dzia\u0142a przysz\u0142o\u015bciowo. To wizja, w kt\u00f3r\u0105 wierzymy i kt\u00f3r\u0105 wyra\u017camy m.in. poprzez warunki zatrudnienia. Nasi pracownicy to najcenniejszy kapita\u0142 firmy. Ka\u017cda z naszych r\u00f3\u017c przechodzi przez ich r\u0119ce. Pragniemy, aby nasi pracownicy byli zadowoleni i dumni z mo\u017cliwo\u015bci pracy w Linssen Roses. Dlatego jako pracodawca robimy wszystko, aby si\u0119 do tego przyczyni\u0107.<\/p>\t\t\t\t\t\t\t\t<\/div>\n\t\t\t\t<\/div>\n\t\t\t\t\t<\/div>\n\t\t<\/div>\n\t\t\t\t\t<\/div>\n\t\t<\/section>\n\t\t\t\t<section class=\"elementor-section elementor-top-section elementor-element elementor-element-0fcec5f elementor-section-stretched elementor-section-boxed elementor-section-height-default elementor-section-height-default elementor-invisible\" data-id=\"0fcec5f\" data-element_type=\"section\" data-settings=\"{&quot;stretch_section&quot;:&quot;section-stretched&quot;,&quot;animation&quot;:&quot;fadeInUp&quot;}\">\n\t\t\t\t\t\t<div class=\"elementor-container elementor-column-gap-default\">\n\t\t\t\t\t<div class=\"elementor-column elementor-col-100 elementor-top-column elementor-element elementor-element-27fffbe\" data-id=\"27fffbe\" data-element_type=\"column\">\n\t\t\t<div class=\"elementor-widget-wrap elementor-element-populated\">\n\t\t\t\t\t\t<div class=\"elementor-element elementor-element-0f3a89a elementor-arrows-position-inside elementor-widget elementor-widget-image-carousel\" data-id=\"0f3a89a\" data-element_type=\"widget\" data-settings=\"{&quot;slides_to_show&quot;:&quot;1&quot;,&quot;navigation&quot;:&quot;arrows&quot;,&quot;pause_on_hover&quot;:&quot;no&quot;,&quot;autoplay&quot;:&quot;yes&quot;,&quot;pause_on_interaction&quot;:&quot;yes&quot;,&quot;autoplay_speed&quot;:5000,&quot;infinite&quot;:&quot;yes&quot;,&quot;effect&quot;:&quot;slide&quot;,&quot;speed&quot;:500}\" data-widget_type=\"image-carousel.default\">\n\t\t\t\t<div class=\"elementor-widget-container\">\n\t\t\t\t\t\t\t<div class=\"elementor-image-carousel-wrapper swiper\" role=\"region\" aria-roledescription=\"carousel\" aria-label=\"Karuzela obrazk\u00f3w\" dir=\"ltr\">\n\t\t\t<div class=\"elementor-image-carousel swiper-wrapper\" aria-live=\"off\">\n\t\t\t\t\t\t\t\t<div class=\"swiper-slide\" role=\"group\" aria-roledescription=\"slide\" aria-label=\"1 z 6\"><figure class=\"swiper-slide-inner\"><img decoding=\"async\" class=\"swiper-slide-image\" src=\"https:\/\/linssenroses.com\/wp-content\/uploads\/2018\/02\/MVO-LinssenRoses6.jpg\" alt=\"MVO-LinssenRoses6\" \/><\/figure><\/div><div class=\"swiper-slide\" role=\"group\" aria-roledescription=\"slide\" aria-label=\"2 z 6\"><figure class=\"swiper-slide-inner\"><img decoding=\"async\" class=\"swiper-slide-image\" src=\"https:\/\/linssenroses.com\/wp-content\/uploads\/2018\/02\/MVO-LinssenRoses3.jpg\" alt=\"MVO-LinssenRoses3\" \/><\/figure><\/div><div class=\"swiper-slide\" role=\"group\" aria-roledescription=\"slide\" aria-label=\"3 z 6\"><figure class=\"swiper-slide-inner\"><img decoding=\"async\" class=\"swiper-slide-image\" src=\"https:\/\/linssenroses.com\/wp-content\/uploads\/2018\/02\/MVO-LinssenRoses2.jpg\" alt=\"MVO-LinssenRoses2\" \/><\/figure><\/div><div class=\"swiper-slide\" role=\"group\" aria-roledescription=\"slide\" aria-label=\"4 z 6\"><figure class=\"swiper-slide-inner\"><img decoding=\"async\" class=\"swiper-slide-image\" src=\"https:\/\/linssenroses.com\/wp-content\/uploads\/2018\/02\/MVO-LinssenRoses1.jpg\" alt=\"MVO-LinssenRoses1\" \/><\/figure><\/div><div class=\"swiper-slide\" role=\"group\" aria-roledescription=\"slide\" aria-label=\"5 z 6\"><figure class=\"swiper-slide-inner\"><img decoding=\"async\" class=\"swiper-slide-image\" src=\"https:\/\/linssenroses.com\/wp-content\/uploads\/2018\/02\/MVO-LinssenRoses4.jpg\" alt=\"MVO-LinssenRoses4\" \/><\/figure><\/div><div class=\"swiper-slide\" role=\"group\" aria-roledescription=\"slide\" aria-label=\"6 z 6\"><figure class=\"swiper-slide-inner\"><img decoding=\"async\" class=\"swiper-slide-image\" src=\"https:\/\/linssenroses.com\/wp-content\/uploads\/2018\/02\/MVO-LinssenRoses5.jpg\" alt=\"MVO-LinssenRoses5\" \/><\/figure><\/div>\t\t\t<\/div>\n\t\t\t\t\t\t\t\t\t\t\t\t<div class=\"elementor-swiper-button elementor-swiper-button-prev\" role=\"button\" tabindex=\"0\">\n\t\t\t\t\t\t<i aria-hidden=\"true\" class=\"eicon-chevron-left\"><\/i>\t\t\t\t\t<\/div>\n\t\t\t\t\t<div class=\"elementor-swiper-button elementor-swiper-button-next\" role=\"button\" tabindex=\"0\">\n\t\t\t\t\t\t<i aria-hidden=\"true\" class=\"eicon-chevron-right\"><\/i>\t\t\t\t\t<\/div>\n\t\t\t\t\n\t\t\t\t\t\t\t\t\t<\/div>\n\t\t\t\t\t\t<\/div>\n\t\t\t\t<\/div>\n\t\t\t\t\t<\/div>\n\t\t<\/div>\n\t\t\t\t\t<\/div>\n\t\t<\/section>\n\t\t\t\t<section class=\"elementor-section elementor-top-section elementor-element elementor-element-80d3338 elementor-section-boxed elementor-section-height-default elementor-section-height-default elementor-invisible\" data-id=\"80d3338\" data-element_type=\"section\" data-settings=\"{&quot;animation&quot;:&quot;fadeInUp&quot;}\">\n\t\t\t\t\t\t<div class=\"elementor-container elementor-column-gap-default\">\n\t\t\t\t\t<div class=\"elementor-column elementor-col-100 elementor-top-column elementor-element elementor-element-7b2f986\" data-id=\"7b2f986\" data-element_type=\"column\">\n\t\t\t<div class=\"elementor-widget-wrap elementor-element-populated\">\n\t\t\t\t\t\t<div class=\"elementor-element elementor-element-a1396be elementor-widget elementor-widget-text-editor\" data-id=\"a1396be\" data-element_type=\"widget\" data-widget_type=\"text-editor.default\">\n\t\t\t\t<div class=\"elementor-widget-container\">\n\t\t\t\t\t\t\t\t\t<p><strong>Atrakcyjne warunki zatrudnienia, zadowoleni pracownicy<\/strong><br \/>Zobowi\u0105zali\u015bmy si\u0119 do uzyskania certyfikacji MPS-SQ, aby w ten spos\u00f3b wpisa\u0107 interesy pracownik\u00f3w w DNA naszej firmy. Oznacza to, \u017ce zewn\u0119trzna organizacja pilnuje, aby warunki zatrudnienia i pracy naszego personelu zawsze by\u0142y w zgodzie z normami mi\u0119dzynarodowymi. Naszym pracownikom przys\u0142uguje p\u0142atny urlop, jeden sta\u0142y dzie\u0144 wolny w tygodniu oraz wystarczaj\u0105co d\u0142ugi urlop macierzy\u0144ski. Zapewniamy tak\u017ce czyste i bezpieczne \u015brodowisko pracy. Co roku pracownicy przechodz\u0105 badania okresowe, a firma pokrywa koszty leczenia. Ponadto wynagrodzenia w Linssen Roses s\u0105 wy\u017csze ni\u017c lokalne p\u0142ace.<\/p><p>Przywi\u0105zujemy ogromn\u0105 wag\u0119 nie tylko do relacji z naszymi pracownikami, ale tak\u017ce ze spo\u0142eczno\u015bci\u0105 lokaln\u0105. Dlatego firma Linssen Roses wspiera rozmaite inicjatywy rozwojowe, projekty i wydarzenia kulturalne w okolicy. <\/p>\t\t\t\t\t\t\t\t<\/div>\n\t\t\t\t<\/div>\n\t\t\t\t\t<\/div>\n\t\t<\/div>\n\t\t\t\t\t<\/div>\n\t\t<\/section>\n\t\t\t\t<\/div>\n\t\t","protected":false},"excerpt":{"rendered":"<p>Firma dzia\u0142aj\u0105ca w spos\u00f3b uczciwy dzia\u0142a przysz\u0142o\u015bciowo. To wizja, w kt\u00f3r\u0105 wierzymy i kt\u00f3r\u0105 wyra\u017camy m.in. poprzez warunki zatrudnienia. Nasi pracownicy to najcenniejszy kapita\u0142 firmy. Ka\u017cda z naszych r\u00f3\u017c przechodzi przez ich r\u0119ce. Pragniemy, aby nasi pracownicy byli zadowoleni i dumni z mo\u017cliwo\u015bci pracy w Linssen Roses. Dlatego jako pracodawca<a class=\"moretag\" href=\"https:\/\/linssenroses.com\/pl\/csr\/\"> Czytaj wi\u0119cej<\/a><\/p>\n","protected":false},"author":1,"featured_media":0,"parent":0,"menu_order":0,"comment_status":"closed","ping_status":"closed","template":"","meta":{"footnotes":""},"class_list":["post-717","page","type-page","status-publish","hentry"],"_links":{"self":[{"href":"https:\/\/linssenroses.com\/pl\/wp-json\/wp\/v2\/pages\/717","targetHints":{"allow":["GET"]}}],"collection":[{"href":"https:\/\/linssenroses.com\/pl\/wp-json\/wp\/v2\/pages"}],"about":[{"href":"https:\/\/linssenroses.com\/pl\/wp-json\/wp\/v2\/types\/page"}],"author":[{"embeddable":true,"href":"https:\/\/linssenroses.com\/pl\/wp-json\/wp\/v2\/users\/1"}],"replies":[{"embeddable":true,"href":"https:\/\/linssenroses.com\/pl\/wp-json\/wp\/v2\/comments?post=717"}],"version-history":[{"count":2,"href":"https:\/\/linssenroses.com\/pl\/wp-json\/wp\/v2\/pages\/717\/revisions"}],"predecessor-version":[{"id":719,"href":"https:\/\/linssenroses.com\/pl\/wp-json\/wp\/v2\/pages\/717\/revisions\/719"}],"wp:attachment":[{"href":"https:\/\/linssenroses.com\/pl\/wp-json\/wp\/v2\/media?parent=717"}],"curies":[{"name":"wp","href":"https:\/\/api.w.org\/{rel}","templated":true}]}}