{"id":409,"date":"2018-02-07T14:35:23","date_gmt":"2018-02-07T13:35:23","guid":{"rendered":"http:\/\/linssenroses.com\/mps-a-mps-sq\/"},"modified":"2018-04-24T14:11:08","modified_gmt":"2018-04-24T12:11:08","slug":"mps-a-mps-sq","status":"publish","type":"page","link":"https:\/\/linssenroses.com\/de\/mps-a-mps-sq\/","title":{"rendered":"MPS-A und MPS-SQ"},"content":{"rendered":"\t\t<div data-elementor-type=\"wp-post\" data-elementor-id=\"409\" class=\"elementor elementor-409 elementor-133 elementor-bc-flex-widget\">\n\t\t\t\t\t\t<section class=\"elementor-section elementor-top-section elementor-element elementor-element-820fc48 elementor-section-boxed elementor-section-height-default elementor-section-height-default\" data-id=\"820fc48\" data-element_type=\"section\">\n\t\t\t\t\t\t<div class=\"elementor-container elementor-column-gap-default\">\n\t\t\t\t\t<div class=\"elementor-column elementor-col-100 elementor-top-column elementor-element elementor-element-44cdc46\" data-id=\"44cdc46\" data-element_type=\"column\">\n\t\t\t<div class=\"elementor-widget-wrap elementor-element-populated\">\n\t\t\t\t\t\t<div class=\"elementor-element elementor-element-04de212 elementor-widget elementor-widget-text-editor\" data-id=\"04de212\" data-element_type=\"widget\" data-widget_type=\"text-editor.default\">\n\t\t\t\t<div class=\"elementor-widget-container\">\n\t\t\t\t\t\t\t\t\t<p>Wir sind ein nachhaltiges Unternehmen und legen gro\u00dfen Wert auf das Wohlergehen unserer Mitarbeiter. Das haben wir unter anderem durch Zertifikate und unsere Entwicklungsprojekte nachgewiesen. Linssen Roses ist gem\u00e4\u00df MPS-A und MPS-SQ zertifiziert und erf\u00fcllt nachweislich den Verhaltenskodex EHPEA Code of Practice.<\/p><p><strong>Zertifikat f\u00fcr Umwelt und Gesellschaft<\/strong><br \/>Wir sind nach MPS-A (Umwelt) und MPS-SQ (soziales Unternehmertum) zertifiziert und d\u00fcrfen daher voller Stolz sagen, dass Linssen Roses seine Rosen wirklich fair anbaut. Wenn Sie einen Strau\u00df Rosen von Linssen Roses kaufen, k\u00f6nnen Sie sicher sein, dass der Umweltschutz bei der Aufzucht der Rosen an oberster Stelle steht und dass wir auch wirklich gut f\u00fcr unsere Mitarbeiter sorgen.<br \/>Die niederl\u00e4ndische Organisation MPS-ECAS pr\u00fcft regelm\u00e4\u00dfig im Rahmen eines Audits, ob wir die strengen Anforderungen erf\u00fcllen.<\/p>\t\t\t\t\t\t\t\t<\/div>\n\t\t\t\t<\/div>\n\t\t\t\t\t<\/div>\n\t\t<\/div>\n\t\t\t\t\t<\/div>\n\t\t<\/section>\n\t\t\t\t<section class=\"elementor-section elementor-top-section elementor-element elementor-element-22ad76a elementor-section-boxed elementor-section-height-default elementor-section-height-default elementor-invisible\" data-id=\"22ad76a\" data-element_type=\"section\" data-settings=\"{&quot;animation&quot;:&quot;fadeInUp&quot;}\">\n\t\t\t\t\t\t<div class=\"elementor-container elementor-column-gap-default\">\n\t\t\t\t\t<div class=\"elementor-column elementor-col-100 elementor-top-column elementor-element elementor-element-c9b147d\" data-id=\"c9b147d\" data-element_type=\"column\">\n\t\t\t<div class=\"elementor-widget-wrap elementor-element-populated\">\n\t\t\t\t\t\t<div class=\"elementor-element elementor-element-812e87f elementor-widget elementor-widget-image\" data-id=\"812e87f\" data-element_type=\"widget\" data-widget_type=\"image.default\">\n\t\t\t\t<div class=\"elementor-widget-container\">\n\t\t\t\t\t\t\t\t\t\t\t\t\t\t\t<img fetchpriority=\"high\" decoding=\"async\" width=\"250\" height=\"339\" src=\"https:\/\/linssenroses.com\/wp-content\/uploads\/2018\/04\/Vignet-MPS-ABC-EN-801696.png\" class=\"attachment-full size-full wp-image-740\" alt=\"\" srcset=\"https:\/\/linssenroses.com\/wp-content\/uploads\/2018\/04\/Vignet-MPS-ABC-EN-801696.png 250w, https:\/\/linssenroses.com\/wp-content\/uploads\/2018\/04\/Vignet-MPS-ABC-EN-801696-221x300.png 221w\" sizes=\"(max-width: 250px) 100vw, 250px\" \/>\t\t\t\t\t\t\t\t\t\t\t\t\t\t\t<\/div>\n\t\t\t\t<\/div>\n\t\t\t\t\t<\/div>\n\t\t<\/div>\n\t\t\t\t\t<\/div>\n\t\t<\/section>\n\t\t\t\t<\/div>\n\t\t","protected":false},"excerpt":{"rendered":"<p>Wir sind ein nachhaltiges Unternehmen und legen gro\u00dfen Wert auf das Wohlergehen unserer Mitarbeiter. Das haben wir unter anderem durch Zertifikate und unsere Entwicklungsprojekte nachgewiesen. Linssen Roses ist gem\u00e4\u00df MPS-A und MPS-SQ zertifiziert und erf\u00fcllt nachweislich den Verhaltenskodex EHPEA Code of Practice. Zertifikat f\u00fcr Umwelt und GesellschaftWir sind nach MPS-A<a class=\"moretag\" href=\"https:\/\/linssenroses.com\/de\/mps-a-mps-sq\/\"> Weiterlesen<\/a><\/p>\n","protected":false},"author":1,"featured_media":0,"parent":0,"menu_order":0,"comment_status":"closed","ping_status":"closed","template":"","meta":{"footnotes":""},"class_list":["post-409","page","type-page","status-publish","hentry"],"_links":{"self":[{"href":"https:\/\/linssenroses.com\/de\/wp-json\/wp\/v2\/pages\/409","targetHints":{"allow":["GET"]}}],"collection":[{"href":"https:\/\/linssenroses.com\/de\/wp-json\/wp\/v2\/pages"}],"about":[{"href":"https:\/\/linssenroses.com\/de\/wp-json\/wp\/v2\/types\/page"}],"author":[{"embeddable":true,"href":"https:\/\/linssenroses.com\/de\/wp-json\/wp\/v2\/users\/1"}],"replies":[{"embeddable":true,"href":"https:\/\/linssenroses.com\/de\/wp-json\/wp\/v2\/comments?post=409"}],"version-history":[{"count":3,"href":"https:\/\/linssenroses.com\/de\/wp-json\/wp\/v2\/pages\/409\/revisions"}],"predecessor-version":[{"id":753,"href":"https:\/\/linssenroses.com\/de\/wp-json\/wp\/v2\/pages\/409\/revisions\/753"}],"wp:attachment":[{"href":"https:\/\/linssenroses.com\/de\/wp-json\/wp\/v2\/media?parent=409"}],"curies":[{"name":"wp","href":"https:\/\/api.w.org\/{rel}","templated":true}]}}