{"id":402,"date":"2018-04-05T10:08:21","date_gmt":"2018-04-05T08:08:21","guid":{"rendered":"http:\/\/linssenroses.com\/duurzame-kwekerij\/"},"modified":"2018-04-23T16:20:47","modified_gmt":"2018-04-23T14:20:47","slug":"nachhaltiger-anbau","status":"publish","type":"page","link":"https:\/\/linssenroses.com\/de\/ueber-uns\/nachhaltiger-anbau\/","title":{"rendered":"Nachhaltiger Anbau"},"content":{"rendered":"\t\t<div data-elementor-type=\"wp-post\" data-elementor-id=\"402\" class=\"elementor elementor-402 elementor-274 elementor-bc-flex-widget\">\n\t\t\t\t\t\t<section class=\"elementor-section elementor-top-section elementor-element elementor-element-f2c53ae elementor-section-boxed elementor-section-height-default elementor-section-height-default\" data-id=\"f2c53ae\" data-element_type=\"section\">\n\t\t\t\t\t\t<div class=\"elementor-container elementor-column-gap-default\">\n\t\t\t\t\t<div class=\"elementor-column elementor-col-100 elementor-top-column elementor-element elementor-element-b6998bf\" data-id=\"b6998bf\" data-element_type=\"column\">\n\t\t\t<div class=\"elementor-widget-wrap elementor-element-populated\">\n\t\t\t\t\t\t<div class=\"elementor-element elementor-element-4d407a8 elementor-widget elementor-widget-text-editor\" data-id=\"4d407a8\" data-element_type=\"widget\" data-widget_type=\"text-editor.default\">\n\t\t\t\t<div class=\"elementor-widget-container\">\n\t\t\t\t\t\t\t\t\t<p>Wir m\u00f6chten auf energieneutrale Weise m\u00f6glichst optimale Bedingungen f\u00fcr den Anbau von Rosen schaffen. In unserem Betrieb nutzen wir Foliengew\u00e4chsh\u00e4user mit Dauerl\u00fcftung und ausgekl\u00fcgelter Bew\u00e4sserung. Sch\u00e4dlinge und Krankheiten bek\u00e4mpfen wir wenn m\u00f6glich mit biologischen Pflanzenschutzmitteln.<\/p>\t\t\t\t\t\t\t\t<\/div>\n\t\t\t\t<\/div>\n\t\t\t\t\t<\/div>\n\t\t<\/div>\n\t\t\t\t\t<\/div>\n\t\t<\/section>\n\t\t\t\t<section class=\"elementor-section elementor-top-section elementor-element elementor-element-d1e5b2e elementor-section-boxed elementor-section-height-default elementor-section-height-default\" data-id=\"d1e5b2e\" data-element_type=\"section\">\n\t\t\t\t\t\t<div class=\"elementor-container elementor-column-gap-default\">\n\t\t\t\t\t<div class=\"elementor-column elementor-col-100 elementor-top-column elementor-element elementor-element-31c4986\" data-id=\"31c4986\" data-element_type=\"column\">\n\t\t\t<div class=\"elementor-widget-wrap elementor-element-populated\">\n\t\t\t\t\t\t<div class=\"elementor-element elementor-element-7af4c53 elementor-widget elementor-widget-text-editor\" data-id=\"7af4c53\" data-element_type=\"widget\" data-widget_type=\"text-editor.default\">\n\t\t\t\t<div class=\"elementor-widget-container\">\n\t\t\t\t\t\t\t\t\t<h2>Spezielle Gew\u00e4chsh\u00e4user<\/h2><p>Wir kultivieren unsere Rosen in Foliengew\u00e4chsh\u00e4usern, die mit den aus den Niederlanden bekannten Gew\u00e4chsh\u00e4usern vergleichbar sind. Anstelle der Glasfl\u00e4chen sind unsere Gew\u00e4chsh\u00e4user jedoch mit Polyethylenfolie versehen, weil das Klima in \u00c4thiopien keine so ausgepr\u00e4gten Extreme kennt wie in den Niederlanden und wir daher auf den Einsatz des robusteren niederl\u00e4ndischen Systems verzichten k\u00f6nnen.<\/p>\t\t\t\t\t\t\t\t<\/div>\n\t\t\t\t<\/div>\n\t\t\t\t\t<\/div>\n\t\t<\/div>\n\t\t\t\t\t<\/div>\n\t\t<\/section>\n\t\t\t\t<section class=\"elementor-section elementor-top-section elementor-element elementor-element-e9a79b7 elementor-section-boxed elementor-section-height-default elementor-section-height-default\" data-id=\"e9a79b7\" data-element_type=\"section\">\n\t\t\t\t\t\t<div class=\"elementor-container elementor-column-gap-default\">\n\t\t\t\t\t<div class=\"elementor-column elementor-col-100 elementor-top-column elementor-element elementor-element-6a9c07c\" data-id=\"6a9c07c\" data-element_type=\"column\">\n\t\t\t<div class=\"elementor-widget-wrap elementor-element-populated\">\n\t\t\t\t\t\t<div class=\"elementor-element elementor-element-c0b1b46 elementor-widget elementor-widget-text-editor\" data-id=\"c0b1b46\" data-element_type=\"widget\" data-widget_type=\"text-editor.default\">\n\t\t\t\t<div class=\"elementor-widget-container\">\n\t\t\t\t\t\t\t\t\t<h2>Intelligentes Ventilationssystem<\/h2><p>Unsere Gew\u00e4chsh\u00e4user sind mit festen Ventilations\u00f6ffnungen ausgestattet. Au\u00dferdem verf\u00fcgen die Seitenw\u00e4nde \u00fcber einen intelligenten Schlie\u00dfmechanismus, mit dem wir die Luftfeuchtigkeit in den Gew\u00e4chsh\u00e4usern regeln. Bei hoher Luftfeuchtigkeit und wenig Wind \u00f6ffnen wir die Seitenw\u00e4nde, damit das Gew\u00e4chshaus bel\u00fcftet wird und mehr Frischluft ins Innere gelangt.<\/p>\t\t\t\t\t\t\t\t<\/div>\n\t\t\t\t<\/div>\n\t\t\t\t\t<\/div>\n\t\t<\/div>\n\t\t\t\t\t<\/div>\n\t\t<\/section>\n\t\t\t\t<section class=\"elementor-section elementor-top-section elementor-element elementor-element-f27f271 elementor-section-boxed elementor-section-height-default elementor-section-height-default\" data-id=\"f27f271\" data-element_type=\"section\">\n\t\t\t\t\t\t<div class=\"elementor-container elementor-column-gap-default\">\n\t\t\t\t\t<div class=\"elementor-column elementor-col-100 elementor-top-column elementor-element elementor-element-fa69d5e\" data-id=\"fa69d5e\" data-element_type=\"column\">\n\t\t\t<div class=\"elementor-widget-wrap elementor-element-populated\">\n\t\t\t\t\t\t<div class=\"elementor-element elementor-element-5b4e80f elementor-widget elementor-widget-text-editor\" data-id=\"5b4e80f\" data-element_type=\"widget\" data-widget_type=\"text-editor.default\">\n\t\t\t\t<div class=\"elementor-widget-container\">\n\t\t\t\t\t\t\t\t\t<h2>Geniales Bew\u00e4sserungssystem<\/h2><p>Unser Brunnenwasser pumpen wir aus einer Tiefe von 200 Metern nach oben. Diesem besonders reinen Wasser setzen wir alle von den Pflanzen ben\u00f6tigten N\u00e4hrstoffe zu. Da wir reines Brunnenwasser verwenden, kann diese L\u00f6sung direkt zur Bew\u00e4sserung verwendet werden, ohne dass eine zus\u00e4tzliche Wasseraufbereitung erforderlich ist. Unser Tr\u00f6pfchensystem sorgt anschlie\u00dfend daf\u00fcr, dass unseren Pflanzen genau die richtige Wassermenge zugef\u00fchrt wird und weder Wasser noch N\u00e4hrstoffe verschwendet werden. Wir pr\u00fcfen jeden Tag, wie viel Wasser unsere Pflanzen ben\u00f6tigen.<\/p>\t\t\t\t\t\t\t\t<\/div>\n\t\t\t\t<\/div>\n\t\t\t\t\t<\/div>\n\t\t<\/div>\n\t\t\t\t\t<\/div>\n\t\t<\/section>\n\t\t\t\t<section class=\"elementor-section elementor-top-section elementor-element elementor-element-100488d elementor-section-stretched elementor-section-boxed elementor-section-height-default elementor-section-height-default\" data-id=\"100488d\" data-element_type=\"section\" data-settings=\"{&quot;stretch_section&quot;:&quot;section-stretched&quot;}\">\n\t\t\t\t\t\t<div class=\"elementor-container elementor-column-gap-default\">\n\t\t\t\t\t<div class=\"elementor-column elementor-col-100 elementor-top-column elementor-element elementor-element-1974124\" data-id=\"1974124\" data-element_type=\"column\">\n\t\t\t<div class=\"elementor-widget-wrap elementor-element-populated\">\n\t\t\t\t\t\t<div class=\"elementor-element elementor-element-1d46a30 elementor-arrows-position-inside elementor-widget elementor-widget-image-carousel\" data-id=\"1d46a30\" data-element_type=\"widget\" data-settings=\"{&quot;slides_to_show&quot;:&quot;1&quot;,&quot;navigation&quot;:&quot;arrows&quot;,&quot;autoplay&quot;:&quot;yes&quot;,&quot;pause_on_hover&quot;:&quot;yes&quot;,&quot;pause_on_interaction&quot;:&quot;yes&quot;,&quot;autoplay_speed&quot;:5000,&quot;infinite&quot;:&quot;yes&quot;,&quot;effect&quot;:&quot;slide&quot;,&quot;speed&quot;:500}\" data-widget_type=\"image-carousel.default\">\n\t\t\t\t<div class=\"elementor-widget-container\">\n\t\t\t\t\t\t\t<div class=\"elementor-image-carousel-wrapper swiper\" role=\"region\" aria-roledescription=\"carousel\" aria-label=\"Bild Karussell\" dir=\"ltr\">\n\t\t\t<div class=\"elementor-image-carousel swiper-wrapper\" aria-live=\"off\">\n\t\t\t\t\t\t\t\t<div class=\"swiper-slide\" role=\"group\" aria-roledescription=\"slide\" aria-label=\"1 von 4\"><figure class=\"swiper-slide-inner\"><img decoding=\"async\" class=\"swiper-slide-image\" src=\"https:\/\/linssenroses.com\/wp-content\/uploads\/2018\/04\/Duurzame-kwekerij1.jpg\" alt=\"Duurzame kwekerij1\" \/><\/figure><\/div><div class=\"swiper-slide\" role=\"group\" aria-roledescription=\"slide\" aria-label=\"2 von 4\"><figure class=\"swiper-slide-inner\"><img decoding=\"async\" class=\"swiper-slide-image\" src=\"https:\/\/linssenroses.com\/wp-content\/uploads\/2018\/04\/Duurzame-kwekerij2.jpg\" alt=\"Duurzame kwekerij2\" \/><\/figure><\/div><div class=\"swiper-slide\" role=\"group\" aria-roledescription=\"slide\" aria-label=\"3 von 4\"><figure class=\"swiper-slide-inner\"><img decoding=\"async\" class=\"swiper-slide-image\" src=\"https:\/\/linssenroses.com\/wp-content\/uploads\/2018\/04\/Duurzame-kwekerij3.jpg\" alt=\"Duurzame kwekerij3\" \/><\/figure><\/div><div class=\"swiper-slide\" role=\"group\" aria-roledescription=\"slide\" aria-label=\"4 von 4\"><figure class=\"swiper-slide-inner\"><img decoding=\"async\" class=\"swiper-slide-image\" src=\"https:\/\/linssenroses.com\/wp-content\/uploads\/2018\/04\/Duurzame-kwekerij4.jpg\" alt=\"Duurzame kwekerij4\" \/><\/figure><\/div>\t\t\t<\/div>\n\t\t\t\t\t\t\t\t\t\t\t\t<div class=\"elementor-swiper-button elementor-swiper-button-prev\" role=\"button\" tabindex=\"0\">\n\t\t\t\t\t\t<i aria-hidden=\"true\" class=\"eicon-chevron-left\"><\/i>\t\t\t\t\t<\/div>\n\t\t\t\t\t<div class=\"elementor-swiper-button elementor-swiper-button-next\" role=\"button\" tabindex=\"0\">\n\t\t\t\t\t\t<i aria-hidden=\"true\" class=\"eicon-chevron-right\"><\/i>\t\t\t\t\t<\/div>\n\t\t\t\t\n\t\t\t\t\t\t\t\t\t<\/div>\n\t\t\t\t\t\t<\/div>\n\t\t\t\t<\/div>\n\t\t\t\t\t<\/div>\n\t\t<\/div>\n\t\t\t\t\t<\/div>\n\t\t<\/section>\n\t\t\t\t<section class=\"elementor-section elementor-top-section elementor-element elementor-element-58b3622 elementor-section-boxed elementor-section-height-default elementor-section-height-default\" data-id=\"58b3622\" data-element_type=\"section\">\n\t\t\t\t\t\t<div class=\"elementor-container elementor-column-gap-default\">\n\t\t\t\t\t<div class=\"elementor-column elementor-col-100 elementor-top-column elementor-element elementor-element-7a1834c\" data-id=\"7a1834c\" data-element_type=\"column\">\n\t\t\t<div class=\"elementor-widget-wrap elementor-element-populated\">\n\t\t\t\t\t\t<div class=\"elementor-element elementor-element-f3242a4 elementor-widget elementor-widget-text-editor\" data-id=\"f3242a4\" data-element_type=\"widget\" data-widget_type=\"text-editor.default\">\n\t\t\t\t<div class=\"elementor-widget-container\">\n\t\t\t\t\t\t\t\t\t<h2>Wirksame Krankheitsbek\u00e4mpfung<\/h2><p>F\u00fcr die Krankheitsbek\u00e4mpfung bei Pflanzen gilt das gleiche wie beim Menschen: Vorbeugung ist die beste Medizin. Die Anbaubedingungen m\u00fcssen so optimal wie m\u00f6glich sein, um das Risiko von Schimmelinfektionen einzuschr\u00e4nken.<\/p><p>Dadurch wird die Entwicklung von Mehltau, einem d\u00fcnnen, oberfl\u00e4chlichen Schimmelbefall, verhindert, sodass der Einsatz von chemischen Pflanzenschutzmitteln begrenzt werden kann. Die relativ niedrigen Temperaturen in den Gew\u00e4chsh\u00e4usern verlangsamen die Entwicklung von Insekten, wodurch der Insektenbefall leichter unter Kontrolle zu bringen ist. Beim Anbau unserer Rosen wollen wir Mensch und Umwelt m\u00f6glichst wenig belasten. Deshalb setzen wir f\u00fcr die Bek\u00e4mpfung von Sch\u00e4dlingen und Krankheiten nur Mittel ein, die m\u00f6glichst umweltvertr\u00e4glich sind. Mit gro\u00dfem Engagement suchen wir nach den passenden nat\u00fcrlichen Feinden, um so den Einsatz von chemischen Pflanzenschutzmitteln zu reduzieren. Der Verbrauch von Kunstd\u00fcnger und chemischen Pflanzenschutzmitteln in unserer G\u00e4rtnerei wird fortlaufend durch die Zertifizierungsorganisationen \u00fcberwacht. Die gute Bewertung von Linssen Roses zeigt, dass wir verantwortungsvoll mit unserer Umwelt umgehen.<\/p><p><\/p>\t\t\t\t\t\t\t\t<\/div>\n\t\t\t\t<\/div>\n\t\t\t\t\t<\/div>\n\t\t<\/div>\n\t\t\t\t\t<\/div>\n\t\t<\/section>\n\t\t\t\t<section class=\"elementor-section elementor-top-section elementor-element elementor-element-1cf58b4 elementor-section-boxed elementor-section-height-default elementor-section-height-default\" data-id=\"1cf58b4\" data-element_type=\"section\">\n\t\t\t\t\t\t<div class=\"elementor-container elementor-column-gap-default\">\n\t\t\t\t\t<div class=\"elementor-column elementor-col-100 elementor-top-column elementor-element elementor-element-ccfce39\" data-id=\"ccfce39\" data-element_type=\"column\">\n\t\t\t<div class=\"elementor-widget-wrap elementor-element-populated\">\n\t\t\t\t\t\t<div class=\"elementor-element elementor-element-9501570 elementor-widget elementor-widget-text-editor\" data-id=\"9501570\" data-element_type=\"widget\" data-widget_type=\"text-editor.default\">\n\t\t\t\t<div class=\"elementor-widget-container\">\n\t\t\t\t\t\t\t\t\t<h2>Erneuerbare Energie<\/h2><p>Wir nutzen erneuerbare Energie, also Energie aus nicht-fossilen Energiequellen. Unser Strom wird mit Wasserkraft erzeugt, denn diese Quelle ist unersch\u00f6pflich und es werden keine Schadstoffe freigesetzt.<\/p>\t\t\t\t\t\t\t\t<\/div>\n\t\t\t\t<\/div>\n\t\t\t\t\t<\/div>\n\t\t<\/div>\n\t\t\t\t\t<\/div>\n\t\t<\/section>\n\t\t\t\t<\/div>\n\t\t","protected":false},"excerpt":{"rendered":"<p>Wir m\u00f6chten auf energieneutrale Weise m\u00f6glichst optimale Bedingungen f\u00fcr den Anbau von Rosen schaffen. In unserem Betrieb nutzen wir Foliengew\u00e4chsh\u00e4user mit Dauerl\u00fcftung und ausgekl\u00fcgelter Bew\u00e4sserung. Sch\u00e4dlinge und Krankheiten bek\u00e4mpfen wir wenn m\u00f6glich mit biologischen Pflanzenschutzmitteln. Spezielle Gew\u00e4chsh\u00e4user Wir kultivieren unsere Rosen in Foliengew\u00e4chsh\u00e4usern, die mit den aus den Niederlanden bekannten<a class=\"moretag\" href=\"https:\/\/linssenroses.com\/de\/ueber-uns\/nachhaltiger-anbau\/\"> Weiterlesen<\/a><\/p>\n","protected":false},"author":1,"featured_media":0,"parent":430,"menu_order":0,"comment_status":"closed","ping_status":"closed","template":"","meta":{"footnotes":""},"class_list":["post-402","page","type-page","status-publish","hentry"],"_links":{"self":[{"href":"https:\/\/linssenroses.com\/de\/wp-json\/wp\/v2\/pages\/402","targetHints":{"allow":["GET"]}}],"collection":[{"href":"https:\/\/linssenroses.com\/de\/wp-json\/wp\/v2\/pages"}],"about":[{"href":"https:\/\/linssenroses.com\/de\/wp-json\/wp\/v2\/types\/page"}],"author":[{"embeddable":true,"href":"https:\/\/linssenroses.com\/de\/wp-json\/wp\/v2\/users\/1"}],"replies":[{"embeddable":true,"href":"https:\/\/linssenroses.com\/de\/wp-json\/wp\/v2\/comments?post=402"}],"version-history":[{"count":2,"href":"https:\/\/linssenroses.com\/de\/wp-json\/wp\/v2\/pages\/402\/revisions"}],"predecessor-version":[{"id":405,"href":"https:\/\/linssenroses.com\/de\/wp-json\/wp\/v2\/pages\/402\/revisions\/405"}],"up":[{"embeddable":true,"href":"https:\/\/linssenroses.com\/de\/wp-json\/wp\/v2\/pages\/430"}],"wp:attachment":[{"href":"https:\/\/linssenroses.com\/de\/wp-json\/wp\/v2\/media?parent=402"}],"curies":[{"name":"wp","href":"https:\/\/api.w.org\/{rel}","templated":true}]}}